{"id":140,"date":"2025-09-19T11:57:10","date_gmt":"2025-09-19T11:57:10","guid":{"rendered":"http:\/\/www.rewidentwerynski.pl\/?page_id=140"},"modified":"2025-09-19T11:57:10","modified_gmt":"2025-09-19T11:57:10","slug":"biegly-sadowy","status":"publish","type":"page","link":"https:\/\/www.rewidentwerynski.pl\/index.php\/biegly-sadowy\/","title":{"rendered":"Bieg\u0142y s\u0105dowy"},"content":{"rendered":"\n<p class=\"has-text-align-center\">Adam Wery\u0144ski od wielu lat figuruje na li\u015bcie bieg\u0142ych s\u0105dowych przy S\u0105dzie Okr\u0119gowym w Rzeszowie, na podstawie powo\u0142ania przez Prezesa S\u0105du. Specjalizuje si\u0119 w zakresie finans\u00f3w i rachunkowo\u015bci, a tak\u017ce kryminalistycznej analizy ewidencji i dokumentacji ksi\u0119gowej, szczeg\u00f3lnie w kontek\u015bcie zwalczania przest\u0119pczo\u015bci ekonomicznej.<\/p>\n\n\n\n<p class=\"has-text-align-center\">Jego wiedza i do\u015bwiadczenie s\u0105 wykorzystywane w licznych post\u0119powaniach s\u0105dowych, zar\u00f3wno na etapie przygotowawczym, jak i procesowym.<\/p>\n\n\n\n<figure class=\"wp-block-image size-full\"><img loading=\"lazy\" decoding=\"async\" width=\"653\" height=\"847\" src=\"http:\/\/www.rewidentwerynski.pl\/wp-content\/uploads\/2025\/09\/biegly.jpg\" alt=\"\" class=\"wp-image-141\" srcset=\"https:\/\/www.rewidentwerynski.pl\/wp-content\/uploads\/2025\/09\/biegly.jpg 653w, https:\/\/www.rewidentwerynski.pl\/wp-content\/uploads\/2025\/09\/biegly-231x300.jpg 231w\" sizes=\"auto, (max-width: 653px) 100vw, 653px\" \/><\/figure>\n","protected":false},"excerpt":{"rendered":"<p>Adam Wery\u0144ski od wielu lat figuruje na li\u015bcie bieg\u0142ych s\u0105dowych przy S\u0105dzie Okr\u0119gowym w Rzeszowie, na podstawie powo\u0142ania przez Prezesa S\u0105du. Specjalizuje si\u0119 w zakresie finans\u00f3w i rachunkowo\u015bci, a tak\u017ce kryminalistycznej analizy ewidencji i dokumentacji ksi\u0119gowej, szczeg\u00f3lnie w kontek\u015bcie zwalczania przest\u0119pczo\u015bci ekonomicznej. Jego wiedza i do\u015bwiadczenie s\u0105 wykorzystywane w licznych post\u0119powaniach s\u0105dowych, zar\u00f3wno na etapie przygotowawczym, jak i procesowym.<\/p>\n","protected":false},"author":1,"featured_media":0,"parent":0,"menu_order":0,"comment_status":"closed","ping_status":"closed","template":"","meta":{"footnotes":""},"class_list":["post-140","page","type-page","status-publish","hentry"],"_links":{"self":[{"href":"https:\/\/www.rewidentwerynski.pl\/index.php\/wp-json\/wp\/v2\/pages\/140","targetHints":{"allow":["GET"]}}],"collection":[{"href":"https:\/\/www.rewidentwerynski.pl\/index.php\/wp-json\/wp\/v2\/pages"}],"about":[{"href":"https:\/\/www.rewidentwerynski.pl\/index.php\/wp-json\/wp\/v2\/types\/page"}],"author":[{"embeddable":true,"href":"https:\/\/www.rewidentwerynski.pl\/index.php\/wp-json\/wp\/v2\/users\/1"}],"replies":[{"embeddable":true,"href":"https:\/\/www.rewidentwerynski.pl\/index.php\/wp-json\/wp\/v2\/comments?post=140"}],"version-history":[{"count":1,"href":"https:\/\/www.rewidentwerynski.pl\/index.php\/wp-json\/wp\/v2\/pages\/140\/revisions"}],"predecessor-version":[{"id":142,"href":"https:\/\/www.rewidentwerynski.pl\/index.php\/wp-json\/wp\/v2\/pages\/140\/revisions\/142"}],"wp:attachment":[{"href":"https:\/\/www.rewidentwerynski.pl\/index.php\/wp-json\/wp\/v2\/media?parent=140"}],"curies":[{"name":"wp","href":"https:\/\/api.w.org\/{rel}","templated":true}]}}