{"id":27,"date":"2025-09-16T15:11:37","date_gmt":"2025-09-16T15:11:37","guid":{"rendered":"http:\/\/www.rewidentwerynski.pl\/?page_id=27"},"modified":"2025-09-19T12:24:38","modified_gmt":"2025-09-19T12:24:38","slug":"kontakt","status":"publish","type":"page","link":"https:\/\/www.rewidentwerynski.pl\/index.php\/kontakt\/","title":{"rendered":"Kontakt"},"content":{"rendered":"\n<p><strong>KONTAKT<\/strong><\/p>\n\n\n\n<p><strong>Biuro Studi\u00f3w i Analiz Finansowo-Ksi\u0119gowych Adam Wery\u0144ski<\/strong><\/p>\n\n\n\n<p><strong>ul. ks. Ja\u0142owego 16, 35-010 Rzesz\u00f3w woj: podkarpackie<\/strong><\/p>\n\n\n\n<p><strong>NIP:&nbsp;8131007136<\/strong><\/p>\n\n\n\n<p><strong>REGON:&nbsp;005132077<\/strong><\/p>\n\n\n\n<p><strong>telefon<\/strong>: 602603659<\/p>\n\n\n\n<p><strong>e-mail :<\/strong> adawer51@gmail.com<\/p>\n\n\n\n<div class=\"wp-block-buttons is-layout-flex wp-block-buttons-is-layout-flex\">\n<div class=\"wp-block-button\"><a class=\"wp-block-button__link wp-element-button\" href=\"https:\/\/maps.app.goo.gl\/4Z9R2tD5hJLkqDNZ9\">Zobacz dojazd! <\/a><\/div>\n<\/div>\n\n\n\n<div class=\"wp-block-group\"><div class=\"wp-block-group__inner-container is-layout-constrained wp-block-group-is-layout-constrained\">\n<figure class=\"wp-block-image size-large is-resized\"><img loading=\"lazy\" decoding=\"async\" width=\"479\" height=\"1024\" src=\"http:\/\/www.rewidentwerynski.pl\/wp-content\/uploads\/2025\/09\/169F748C-DD12-4E68-BD1E-7E54317DD12F_L0_001-\u2013-ze-zmianami-479x1024.jpg\" alt=\"\" class=\"wp-image-153\" style=\"width:166px;height:auto\" srcset=\"https:\/\/www.rewidentwerynski.pl\/wp-content\/uploads\/2025\/09\/169F748C-DD12-4E68-BD1E-7E54317DD12F_L0_001-\u2013-ze-zmianami-479x1024.jpg 479w, https:\/\/www.rewidentwerynski.pl\/wp-content\/uploads\/2025\/09\/169F748C-DD12-4E68-BD1E-7E54317DD12F_L0_001-\u2013-ze-zmianami-140x300.jpg 140w, https:\/\/www.rewidentwerynski.pl\/wp-content\/uploads\/2025\/09\/169F748C-DD12-4E68-BD1E-7E54317DD12F_L0_001-\u2013-ze-zmianami-768x1641.jpg 768w, https:\/\/www.rewidentwerynski.pl\/wp-content\/uploads\/2025\/09\/169F748C-DD12-4E68-BD1E-7E54317DD12F_L0_001-\u2013-ze-zmianami-719x1536.jpg 719w, https:\/\/www.rewidentwerynski.pl\/wp-content\/uploads\/2025\/09\/169F748C-DD12-4E68-BD1E-7E54317DD12F_L0_001-\u2013-ze-zmianami-958x2048.jpg 958w, https:\/\/www.rewidentwerynski.pl\/wp-content\/uploads\/2025\/09\/169F748C-DD12-4E68-BD1E-7E54317DD12F_L0_001-\u2013-ze-zmianami-1140x2436.jpg 1140w, https:\/\/www.rewidentwerynski.pl\/wp-content\/uploads\/2025\/09\/169F748C-DD12-4E68-BD1E-7E54317DD12F_L0_001-\u2013-ze-zmianami-scaled.jpg 1198w\" sizes=\"auto, (max-width: 479px) 100vw, 479px\" \/><\/figure>\n<\/div><\/div>\n\n\n\n<p><strong>Informacje o wykonywaniu zawodu bieg\u0142ego rewidenta<\/strong><\/p>\n\n\n\n<p><strong>4305. Adam Wery\u0144ski<\/strong><\/p>\n\n\n\n<p><strong>Dane rejestrowe<\/strong><\/p>\n\n\n\n<ul class=\"wp-block-list\">\n<li><strong>Numer bieg\u0142ego:<\/strong>&nbsp;4305<\/li>\n\n\n\n<li><strong>Imi\u0119 i nazwisko:<\/strong>&nbsp;Adam Wery\u0144ski<\/li>\n\n\n\n<li><strong>Forma wykonywania zawodu:<\/strong>&nbsp;Osoba fizyczna prowadz\u0105ca dzia\u0142alno\u015b\u0107 gospodarcz\u0105 we w\u0142asnym imieniu i na w\u0142asny rachunek, o kt\u00f3rej mowa w art. 46 pkt 1 ustawy<\/li>\n\n\n\n<li><strong>Informacja o uprawnieniu do atestacji sprawozdawczo\u015bci zr\u00f3wnowa\u017conego rozwoju:<\/strong>&nbsp;TAK<\/li>\n\n\n\n<li><strong>Informacja o uzyskaniu uprawnie\u0144 bieg\u0142ego rewidenta w innym ni\u017c Rzeczpospolita Polska pa\u0144stwie Unii Europejskiej lub pa\u0144stwie trzecim:<\/strong>&nbsp;\u2013<\/li>\n\n\n\n<li><strong>Data wpisu do rejestru:<\/strong>&nbsp;1992-05-22<\/li>\n<\/ul>\n\n\n\n<p><strong>Powi\u0105zanie z firm\u0105 audytorsk\u0105 &#8211; wykonywanie zawodu<\/strong><\/p>\n\n\n\n<p><strong>415 BIURO STUDI\u00d3W I ANALIZ FINANSOWO-KSI\u0118GOWYCH Adam F.Wery\u0144ski &#8211; dzia\u0142alno\u015b\u0107 gospodarcza prowadzona przez bieg\u0142ego rewidenta we w\u0142asnym imieniu i na w\u0142asny rachunek<\/strong><\/p>\n\n\n\n<p><\/p>\n","protected":false},"excerpt":{"rendered":"<p>KONTAKT Biuro Studi\u00f3w i Analiz Finansowo-Ksi\u0119gowych Adam Wery\u0144ski ul. ks. Ja\u0142owego 16, 35-010 Rzesz\u00f3w woj: podkarpackie NIP:&nbsp;8131007136 REGON:&nbsp;005132077 telefon: 602603659 e-mail : adawer51@gmail.com Informacje o wykonywaniu zawodu bieg\u0142ego rewidenta 4305. Adam Wery\u0144ski Dane rejestrowe Powi\u0105zanie z firm\u0105 audytorsk\u0105 &#8211; wykonywanie zawodu 415 BIURO STUDI\u00d3W I ANALIZ FINANSOWO-KSI\u0118GOWYCH Adam F.Wery\u0144ski &#8211; dzia\u0142alno\u015b\u0107 gospodarcza prowadzona przez bieg\u0142ego rewidenta we w\u0142asnym imieniu i na w\u0142asny rachunek<\/p>\n","protected":false},"author":1,"featured_media":0,"parent":0,"menu_order":0,"comment_status":"closed","ping_status":"closed","template":"","meta":{"footnotes":""},"class_list":["post-27","page","type-page","status-publish","hentry"],"_links":{"self":[{"href":"https:\/\/www.rewidentwerynski.pl\/index.php\/wp-json\/wp\/v2\/pages\/27","targetHints":{"allow":["GET"]}}],"collection":[{"href":"https:\/\/www.rewidentwerynski.pl\/index.php\/wp-json\/wp\/v2\/pages"}],"about":[{"href":"https:\/\/www.rewidentwerynski.pl\/index.php\/wp-json\/wp\/v2\/types\/page"}],"author":[{"embeddable":true,"href":"https:\/\/www.rewidentwerynski.pl\/index.php\/wp-json\/wp\/v2\/users\/1"}],"replies":[{"embeddable":true,"href":"https:\/\/www.rewidentwerynski.pl\/index.php\/wp-json\/wp\/v2\/comments?post=27"}],"version-history":[{"count":4,"href":"https:\/\/www.rewidentwerynski.pl\/index.php\/wp-json\/wp\/v2\/pages\/27\/revisions"}],"predecessor-version":[{"id":154,"href":"https:\/\/www.rewidentwerynski.pl\/index.php\/wp-json\/wp\/v2\/pages\/27\/revisions\/154"}],"wp:attachment":[{"href":"https:\/\/www.rewidentwerynski.pl\/index.php\/wp-json\/wp\/v2\/media?parent=27"}],"curies":[{"name":"wp","href":"https:\/\/api.w.org\/{rel}","templated":true}]}}