{"id":59,"date":"2025-09-17T10:26:16","date_gmt":"2025-09-17T10:26:16","guid":{"rendered":"http:\/\/www.rewidentwerynski.pl\/?page_id=59"},"modified":"2025-10-14T16:03:16","modified_gmt":"2025-10-14T16:03:16","slug":"o-nas","status":"publish","type":"page","link":"https:\/\/www.rewidentwerynski.pl\/index.php\/o-nas\/","title":{"rendered":"O nas"},"content":{"rendered":"\n<div class=\"wp-block-group alignfull is-style-section-1 has-base-2-background-color has-background\" style=\"margin-top:0;margin-bottom:0;padding-top:var(--wp--preset--spacing--80);padding-bottom:var(--wp--preset--spacing--80)\"><div class=\"wp-block-group__inner-container is-layout-constrained wp-block-group-is-layout-constrained\">\n<div class=\"wp-block-columns alignwide is-layout-flex wp-container-core-columns-is-layout-66fad18a wp-block-columns-is-layout-flex\">\n<div class=\"wp-block-column is-layout-flow wp-block-column-is-layout-flow\" style=\"padding-right:var(--wp--preset--spacing--50);flex-basis:45%\">\n<figure class=\"wp-block-image size-full\"><img loading=\"lazy\" decoding=\"async\" width=\"2560\" height=\"1703\" src=\"http:\/\/www.rewidentwerynski.pl\/wp-content\/uploads\/2025\/09\/CZARNOBIALE-7-scaled.jpg\" alt=\"\" class=\"wp-image-55\" srcset=\"https:\/\/www.rewidentwerynski.pl\/wp-content\/uploads\/2025\/09\/CZARNOBIALE-7-scaled.jpg 2560w, https:\/\/www.rewidentwerynski.pl\/wp-content\/uploads\/2025\/09\/CZARNOBIALE-7-300x200.jpg 300w, https:\/\/www.rewidentwerynski.pl\/wp-content\/uploads\/2025\/09\/CZARNOBIALE-7-1024x681.jpg 1024w, https:\/\/www.rewidentwerynski.pl\/wp-content\/uploads\/2025\/09\/CZARNOBIALE-7-768x511.jpg 768w, https:\/\/www.rewidentwerynski.pl\/wp-content\/uploads\/2025\/09\/CZARNOBIALE-7-1536x1022.jpg 1536w, https:\/\/www.rewidentwerynski.pl\/wp-content\/uploads\/2025\/09\/CZARNOBIALE-7-2048x1363.jpg 2048w\" sizes=\"auto, (max-width: 2560px) 100vw, 2560px\" \/><\/figure>\n\n\n\n<div class=\"wp-block-columns is-layout-flex wp-container-core-columns-is-layout-28f84493 wp-block-columns-is-layout-flex\">\n<div class=\"wp-block-column is-layout-flow wp-block-column-is-layout-flow\" style=\"flex-basis:100%\">\n<div class=\"wp-block-group is-layout-grid wp-container-core-group-is-layout-1782b1cf wp-block-group-is-layout-grid\" style=\"margin-top:-12vw\">\n<div class=\"wp-block-buttons is-layout-flex wp-block-buttons-is-layout-flex\"><\/div>\n<\/div>\n<\/div>\n<\/div>\n<\/div>\n\n\n\n<div class=\"wp-block-column is-vertically-aligned-center is-layout-flow wp-block-column-is-layout-flow\" style=\"padding-right:0;padding-left:0;flex-basis:50%\">\n<p class=\"has-text-align-center is-style-text-subtitle\">BIURO STUDI\u00d3W I ANALIZ FINANSOWO-KSI\u0118GOWYCH Adam F.Wery\u0144ski prowadzone jest nieprzerwanie od 1990 roku.<\/p>\n\n\n\n<p class=\"has-text-align-center\">35 lata do\u015bwiadczenia!<\/p>\n\n\n\n<div class=\"wp-block-buttons is-content-justification-center is-layout-flex wp-container-core-buttons-is-layout-a89b3969 wp-block-buttons-is-layout-flex\">\n<div class=\"wp-block-button\"><a class=\"wp-block-button__link has-text-align-center wp-element-button\" href=\"http:\/\/www.rewidentwerynski.pl\/index.php\/informacje-o-wykonywaniu-zawodu-bieglego-rewidenta\/\">Uprawnienia bieg\u0142ego rewidenta &#8211; sprawd\u017a<\/a><\/div>\n\n\n\n<div class=\"wp-block-button\"><a class=\"wp-block-button__link wp-element-button\" href=\"http:\/\/www.rewidentwerynski.pl\/index.php\/biegly-sadowy\/\">Bieg\u0142y s\u0105dowy &#8211; sprawd\u017a<\/a><\/div>\n<\/div>\n\n\n\n<p class=\"has-text-align-center\">Jeste\u015bmy firm\u0105 z wieloletni\u0105 tradycj\u0105, zarz\u0105dzan\u0105 przez do\u015bwiadczonych specjalist\u00f3w, kt\u00f3rzy zdobywali wiedz\u0119 i praktyk\u0119, wsp\u00f3\u0142pracuj\u0105c zar\u00f3wno z mi\u0119dzynarodowymi i lokalnymi przedsi\u0119biorstwami, jak i firmami rodzinnymi.<\/p>\n\n\n\n<p class=\"has-text-align-center\">Doskonale rozumiemy potrzeby naszych klient\u00f3w i dostarczamy im skuteczne, dopasowane rozwi\u0105zania.<\/p>\n\n\n\n<p class=\"has-text-align-center\">Nasz\u0105 misj\u0105 jest \u015bwiadczenie us\u0142ug na najwy\u017cszym poziomie.<\/p>\n\n\n\n<p class=\"has-text-align-center\">Aktywnie wspieramy rozw\u00f3j naszych klient\u00f3w, oferuj\u0105c znacznie wi\u0119cej ni\u017c tylko obs\u0142ug\u0119 jako bieg\u0142y rewident czy obs\u0142ug\u0119 ksi\u0119gow\u0105 czy kadrow\u0105.<\/p>\n\n\n\n<p class=\"has-text-align-center\">Zapewniamy kompleksow\u0105 obs\u0142ug\u0119 zar\u00f3wno dla sp\u00f3\u0142ek prawa handlowego jak i os\u00f3b prowadz\u0105cych dzia\u0142alno\u015b\u0107 gospodarcz\u0105.<\/p>\n<\/div>\n<\/div>\n<\/div><\/div>\n\n\n\n<figure class=\"wp-block-gallery aligncenter has-nested-images columns-default is-cropped wp-block-gallery-1 is-layout-flex wp-block-gallery-is-layout-flex\">\n<figure class=\"wp-block-image size-large\"><img loading=\"lazy\" decoding=\"async\" width=\"479\" height=\"693\" data-id=\"159\" src=\"https:\/\/www.rewidentwerynski.pl\/wp-content\/uploads\/2025\/10\/regon2.jpg\" alt=\"\" class=\"wp-image-159\" srcset=\"https:\/\/www.rewidentwerynski.pl\/wp-content\/uploads\/2025\/10\/regon2.jpg 479w, https:\/\/www.rewidentwerynski.pl\/wp-content\/uploads\/2025\/10\/regon2-207x300.jpg 207w\" sizes=\"auto, (max-width: 479px) 100vw, 479px\" \/><\/figure>\n\n\n\n<figure class=\"wp-block-image size-large\"><img loading=\"lazy\" decoding=\"async\" width=\"490\" height=\"696\" data-id=\"157\" src=\"https:\/\/www.rewidentwerynski.pl\/wp-content\/uploads\/2025\/10\/zaswidczenie1.jpg\" alt=\"\" class=\"wp-image-157\" srcset=\"https:\/\/www.rewidentwerynski.pl\/wp-content\/uploads\/2025\/10\/zaswidczenie1.jpg 490w, https:\/\/www.rewidentwerynski.pl\/wp-content\/uploads\/2025\/10\/zaswidczenie1-211x300.jpg 211w\" sizes=\"auto, (max-width: 490px) 100vw, 490px\" \/><\/figure>\n\n\n\n<figure class=\"wp-block-image size-large\"><img loading=\"lazy\" decoding=\"async\" width=\"485\" height=\"697\" data-id=\"156\" src=\"https:\/\/www.rewidentwerynski.pl\/wp-content\/uploads\/2025\/10\/zas2.jpg\" alt=\"\" class=\"wp-image-156\" srcset=\"https:\/\/www.rewidentwerynski.pl\/wp-content\/uploads\/2025\/10\/zas2.jpg 485w, https:\/\/www.rewidentwerynski.pl\/wp-content\/uploads\/2025\/10\/zas2-209x300.jpg 209w\" sizes=\"auto, (max-width: 485px) 100vw, 485px\" \/><\/figure>\n\n\n\n<figure class=\"wp-block-image size-large\"><img loading=\"lazy\" decoding=\"async\" width=\"485\" height=\"691\" data-id=\"160\" src=\"https:\/\/www.rewidentwerynski.pl\/wp-content\/uploads\/2025\/10\/certyfikat2.jpg\" alt=\"\" class=\"wp-image-160\" srcset=\"https:\/\/www.rewidentwerynski.pl\/wp-content\/uploads\/2025\/10\/certyfikat2.jpg 485w, https:\/\/www.rewidentwerynski.pl\/wp-content\/uploads\/2025\/10\/certyfikat2-211x300.jpg 211w\" sizes=\"auto, (max-width: 485px) 100vw, 485px\" \/><\/figure>\n\n\n\n<figure class=\"wp-block-image size-large\"><img loading=\"lazy\" decoding=\"async\" width=\"481\" height=\"689\" data-id=\"161\" src=\"https:\/\/www.rewidentwerynski.pl\/wp-content\/uploads\/2025\/10\/certyfikat1.jpg\" alt=\"\" class=\"wp-image-161\" srcset=\"https:\/\/www.rewidentwerynski.pl\/wp-content\/uploads\/2025\/10\/certyfikat1.jpg 481w, https:\/\/www.rewidentwerynski.pl\/wp-content\/uploads\/2025\/10\/certyfikat1-209x300.jpg 209w\" sizes=\"auto, (max-width: 481px) 100vw, 481px\" \/><\/figure>\n\n\n\n<figure class=\"wp-block-image size-large\"><img loading=\"lazy\" decoding=\"async\" width=\"653\" height=\"847\" data-id=\"141\" src=\"https:\/\/www.rewidentwerynski.pl\/wp-content\/uploads\/2025\/09\/biegly.jpg\" alt=\"\" class=\"wp-image-141\" srcset=\"https:\/\/www.rewidentwerynski.pl\/wp-content\/uploads\/2025\/09\/biegly.jpg 653w, https:\/\/www.rewidentwerynski.pl\/wp-content\/uploads\/2025\/09\/biegly-231x300.jpg 231w\" sizes=\"auto, (max-width: 653px) 100vw, 653px\" \/><\/figure>\n<\/figure>\n\n\n\n<p><\/p>\n","protected":false},"excerpt":{"rendered":"<p>BIURO STUDI\u00d3W I ANALIZ FINANSOWO-KSI\u0118GOWYCH Adam F.Wery\u0144ski prowadzone jest nieprzerwanie od 1990 roku. 35 lata do\u015bwiadczenia! Jeste\u015bmy firm\u0105 z wieloletni\u0105 tradycj\u0105, zarz\u0105dzan\u0105 przez do\u015bwiadczonych specjalist\u00f3w, kt\u00f3rzy zdobywali wiedz\u0119 i praktyk\u0119, wsp\u00f3\u0142pracuj\u0105c zar\u00f3wno z mi\u0119dzynarodowymi i lokalnymi przedsi\u0119biorstwami, jak i firmami rodzinnymi. Doskonale rozumiemy potrzeby naszych klient\u00f3w i dostarczamy im skuteczne, dopasowane rozwi\u0105zania. Nasz\u0105 misj\u0105 jest \u015bwiadczenie us\u0142ug na najwy\u017cszym poziomie. Aktywnie wspieramy rozw\u00f3j naszych klient\u00f3w, oferuj\u0105c znacznie wi\u0119cej ni\u017c tylko obs\u0142ug\u0119 jako bieg\u0142y rewident czy obs\u0142ug\u0119 ksi\u0119gow\u0105 czy kadrow\u0105. Zapewniamy kompleksow\u0105 obs\u0142ug\u0119 zar\u00f3wno dla sp\u00f3\u0142ek prawa handlowego jak i os\u00f3b prowadz\u0105cych dzia\u0142alno\u015b\u0107 gospodarcz\u0105.<\/p>\n","protected":false},"author":1,"featured_media":0,"parent":0,"menu_order":0,"comment_status":"closed","ping_status":"closed","template":"","meta":{"footnotes":""},"class_list":["post-59","page","type-page","status-publish","hentry"],"_links":{"self":[{"href":"https:\/\/www.rewidentwerynski.pl\/index.php\/wp-json\/wp\/v2\/pages\/59","targetHints":{"allow":["GET"]}}],"collection":[{"href":"https:\/\/www.rewidentwerynski.pl\/index.php\/wp-json\/wp\/v2\/pages"}],"about":[{"href":"https:\/\/www.rewidentwerynski.pl\/index.php\/wp-json\/wp\/v2\/types\/page"}],"author":[{"embeddable":true,"href":"https:\/\/www.rewidentwerynski.pl\/index.php\/wp-json\/wp\/v2\/users\/1"}],"replies":[{"embeddable":true,"href":"https:\/\/www.rewidentwerynski.pl\/index.php\/wp-json\/wp\/v2\/comments?post=59"}],"version-history":[{"count":13,"href":"https:\/\/www.rewidentwerynski.pl\/index.php\/wp-json\/wp\/v2\/pages\/59\/revisions"}],"predecessor-version":[{"id":177,"href":"https:\/\/www.rewidentwerynski.pl\/index.php\/wp-json\/wp\/v2\/pages\/59\/revisions\/177"}],"wp:attachment":[{"href":"https:\/\/www.rewidentwerynski.pl\/index.php\/wp-json\/wp\/v2\/media?parent=59"}],"curies":[{"name":"wp","href":"https:\/\/api.w.org\/{rel}","templated":true}]}}