{"id":6,"date":"2025-09-16T09:11:11","date_gmt":"2025-09-16T09:11:11","guid":{"rendered":"http:\/\/www.rewidentwerynski.pl\/?page_id=6"},"modified":"2025-10-15T10:11:29","modified_gmt":"2025-10-15T10:11:29","slug":"6-2","status":"publish","type":"page","link":"https:\/\/www.rewidentwerynski.pl\/","title":{"rendered":"Strona g\u0142\u00f3wna"},"content":{"rendered":"\n<div class=\"wp-block-group alignwide has-base-background-color has-background is-vertical is-layout-flex wp-container-core-group-is-layout-753e83d1 wp-block-group-is-layout-flex\" style=\"min-height:0vh;margin-top:0;margin-bottom:0;padding-top:var(--wp--preset--spacing--70);padding-right:var(--wp--preset--spacing--40);padding-bottom:var(--wp--preset--spacing--70);padding-left:var(--wp--preset--spacing--40)\">\n<div class=\"wp-block-group\"><div class=\"wp-block-group__inner-container is-layout-constrained wp-container-core-group-is-layout-346627ba wp-block-group-is-layout-constrained\">\n<h2 class=\"wp-block-heading has-text-align-center has-xx-large-font-size\" style=\"margin-right:0;margin-left:0;padding-right:0;padding-left:0\">BIURO STUDI\u00d3W <br>I ANALIZ FINANSOWO-KSI\u0118GOWYCH Adam F. Wery\u0144ski<\/h2>\n\n\n\n<p class=\"has-text-align-center\">BIEG\u0141Y REWIDENT<\/p>\n\n\n\n<p class=\"has-text-align-center\">BIURO FINANSOWO KSI\u0118GOWE<\/p>\n\n\n\n<div class=\"wp-block-buttons is-content-justification-center is-layout-flex wp-container-core-buttons-is-layout-a89b3969 wp-block-buttons-is-layout-flex\">\n<div class=\"wp-block-button\"><a class=\"wp-block-button__link wp-element-button\" href=\"http:\/\/www.rewidentwerynski.pl\/index.php\/oferta\/\">Sprawd\u017a ofert\u0119!<\/a><\/div>\n<\/div>\n<\/div><\/div>\n<\/div>\n\n\n\n<div class=\"wp-block-group is-vertical is-layout-flex wp-container-core-group-is-layout-fe9cc265 wp-block-group-is-layout-flex\">\n<h2 class=\"wp-block-heading is-style-text-annotation\">O nas<\/h2>\n<\/div>\n\n\n\n<p class=\"has-text-align-center is-style-text-subtitle\">BIURO STUDI\u00d3W I ANALIZ FINANSOWO-KSI\u0118GOWYCH Adam F.Wery\u0144ski prowadzone jest nieprzerwanie od 1990 roku.<\/p>\n\n\n\n<p class=\"has-text-align-center\">Jeste\u015bmy firm\u0105 z wieloletni\u0105 tradycj\u0105, zarz\u0105dzan\u0105 przez do\u015bwiadczonych specjalist\u00f3w, kt\u00f3rzy zdobywali wiedz\u0119 <br>i praktyk\u0119, wsp\u00f3\u0142pracuj\u0105c zar\u00f3wno <br>z mi\u0119dzynarodowymi i lokalnymi przedsi\u0119biorstwami, jak i firmami rodzinnymi.<\/p>\n\n\n\n<p class=\"has-text-align-center\">Doskonale rozumiemy potrzeby naszych klient\u00f3w i dostarczamy im skuteczne, dopasowane rozwi\u0105zania.<\/p>\n\n\n\n<p class=\"has-text-align-center\">Nasz\u0105 misj\u0105 jest \u015bwiadczenie us\u0142ug na najwy\u017cszym poziomie.<\/p>\n\n\n\n<p class=\"has-text-align-center\">Aktywnie wspieramy rozw\u00f3j naszych klient\u00f3w, oferuj\u0105c znacznie wi\u0119cej ni\u017c tylko obs\u0142ug\u0119 jako bieg\u0142y rewident czy obs\u0142ug\u0119 ksi\u0119gow\u0105 czy kadrow\u0105.<\/p>\n\n\n\n<p class=\"has-text-align-center\">Zapewniamy kompleksow\u0105 obs\u0142ug\u0119 zar\u00f3wno dla sp\u00f3\u0142ek prawa handlowego jak i os\u00f3b prowadz\u0105cych dzia\u0142alno\u015b\u0107 gospodarcz\u0105.<\/p>\n\n\n\n<div class=\"wp-block-buttons is-layout-flex wp-container-core-buttons-is-layout-ea8b11be wp-block-buttons-is-layout-flex\">\n<div class=\"wp-block-button\"><a class=\"wp-block-button__link has-text-align-center wp-element-button\" href=\"http:\/\/www.rewidentwerynski.pl\/index.php\/informacje-o-wykonywaniu-zawodu-bieglego-rewidenta\/\">Uprawnienia bieg\u0142ego rewidenta &#8211; sprawd\u017a<\/a><\/div>\n\n\n\n<div class=\"wp-block-button\"><a class=\"wp-block-button__link wp-element-button\" href=\"https:\/\/www.rewidentwerynski.pl\/index.php\/biegly-sadowy\/\">Bieg\u0142y s\u0105dowy &#8211; sprawd\u017a<\/a><\/div>\n<\/div>\n\n\n\n<div class=\"wp-block-group alignfull\" style=\"margin-top:0;margin-bottom:0;padding-top:var(--wp--preset--spacing--60);padding-bottom:var(--wp--preset--spacing--60)\"><div class=\"wp-block-group__inner-container is-layout-constrained wp-block-group-is-layout-constrained\">\n<div class=\"wp-block-columns alignwide is-layout-flex wp-container-core-columns-is-layout-74b2cda3 wp-block-columns-is-layout-flex\">\n<div class=\"wp-block-column is-layout-flow wp-block-column-is-layout-flow\">\n<div class=\"wp-block-group is-vertical is-content-justification-left is-layout-flex wp-container-core-group-is-layout-7ce391b6 wp-block-group-is-layout-flex\" style=\"min-height:100%\">\n<h2 class=\"wp-block-heading is-style-text-annotation has-x-small-font-size\"><\/h2>\n\n\n\n<blockquote class=\"wp-block-quote is-style-plain has-x-large-font-size is-layout-flow wp-container-core-quote-is-layout-5dafc681 wp-block-quote-is-layout-flow\" style=\"font-style:normal;font-weight:400\">\n<div class=\"wp-block-group is-content-justification-left\" style=\"margin-top:0;margin-bottom:0;padding-top:0;padding-right:0;padding-bottom:0;padding-left:0\"><div class=\"wp-block-group__inner-container is-layout-constrained wp-container-core-group-is-layout-085bd3d9 wp-block-group-is-layout-constrained\">\n<p class=\"has-xx-large-font-size\">\u201e35 lata do\u015bwiadczenia!\u201d<\/p>\n<\/div><\/div>\n<\/blockquote>\n<\/div>\n<\/div>\n\n\n\n<div class=\"wp-block-column is-layout-flow wp-block-column-is-layout-flow\" style=\"padding-top:0;padding-right:0;padding-bottom:0;padding-left:0\">\n<figure class=\"wp-block-image size-large\"><img decoding=\"async\" src=\"http:\/\/www.rewidentwerynski.pl\/wp-content\/themes\/twentytwentyfive\/assets\/images\/typewriter.webp\" alt=\"Obrazek przedstawiaj\u0105cy osob\u0119 pisz\u0105c\u0105 na maszynie.\" style=\"aspect-ratio:1;object-fit:cover\"\/><\/figure>\n<\/div>\n<\/div>\n<\/div><\/div>\n\n\n\n<aside class=\"wp-block-group alignfull is-style-section-3\" style=\"margin-top:0;margin-bottom:0;padding-top:var(--wp--preset--spacing--50);padding-right:var(--wp--preset--spacing--50);padding-bottom:var(--wp--preset--spacing--50);padding-left:var(--wp--preset--spacing--50)\"><div class=\"wp-block-group__inner-container is-layout-constrained wp-container-core-group-is-layout-f0f2a97b wp-block-group-is-layout-constrained\"><\/div><\/aside>\n\n\n\n<p><\/p>\n","protected":false},"excerpt":{"rendered":"<p>BIURO STUDI\u00d3W I ANALIZ FINANSOWO-KSI\u0118GOWYCH Adam F. Wery\u0144ski BIEG\u0141Y REWIDENT BIURO FINANSOWO KSI\u0118GOWE O nas BIURO STUDI\u00d3W I ANALIZ FINANSOWO-KSI\u0118GOWYCH Adam F.Wery\u0144ski prowadzone jest nieprzerwanie od 1990 roku. Jeste\u015bmy firm\u0105 z wieloletni\u0105 tradycj\u0105, zarz\u0105dzan\u0105 przez do\u015bwiadczonych specjalist\u00f3w, kt\u00f3rzy zdobywali wiedz\u0119 i praktyk\u0119, wsp\u00f3\u0142pracuj\u0105c zar\u00f3wno z mi\u0119dzynarodowymi i lokalnymi przedsi\u0119biorstwami, jak i firmami rodzinnymi. Doskonale rozumiemy potrzeby naszych klient\u00f3w i dostarczamy im skuteczne, dopasowane rozwi\u0105zania. Nasz\u0105 misj\u0105 jest \u015bwiadczenie us\u0142ug na najwy\u017cszym poziomie. Aktywnie wspieramy rozw\u00f3j naszych klient\u00f3w, oferuj\u0105c znacznie wi\u0119cej ni\u017c tylko obs\u0142ug\u0119 jako bieg\u0142y rewident czy obs\u0142ug\u0119 ksi\u0119gow\u0105 czy kadrow\u0105. Zapewniamy kompleksow\u0105 obs\u0142ug\u0119 zar\u00f3wno dla sp\u00f3\u0142ek prawa handlowego jak i os\u00f3b prowadz\u0105cych dzia\u0142alno\u015b\u0107 gospodarcz\u0105. \u201e35 lata do\u015bwiadczenia!\u201d<\/p>\n","protected":false},"author":1,"featured_media":0,"parent":0,"menu_order":0,"comment_status":"closed","ping_status":"closed","template":"","meta":{"footnotes":""},"class_list":["post-6","page","type-page","status-publish","hentry"],"_links":{"self":[{"href":"https:\/\/www.rewidentwerynski.pl\/index.php\/wp-json\/wp\/v2\/pages\/6","targetHints":{"allow":["GET"]}}],"collection":[{"href":"https:\/\/www.rewidentwerynski.pl\/index.php\/wp-json\/wp\/v2\/pages"}],"about":[{"href":"https:\/\/www.rewidentwerynski.pl\/index.php\/wp-json\/wp\/v2\/types\/page"}],"author":[{"embeddable":true,"href":"https:\/\/www.rewidentwerynski.pl\/index.php\/wp-json\/wp\/v2\/users\/1"}],"replies":[{"embeddable":true,"href":"https:\/\/www.rewidentwerynski.pl\/index.php\/wp-json\/wp\/v2\/comments?post=6"}],"version-history":[{"count":30,"href":"https:\/\/www.rewidentwerynski.pl\/index.php\/wp-json\/wp\/v2\/pages\/6\/revisions"}],"predecessor-version":[{"id":181,"href":"https:\/\/www.rewidentwerynski.pl\/index.php\/wp-json\/wp\/v2\/pages\/6\/revisions\/181"}],"wp:attachment":[{"href":"https:\/\/www.rewidentwerynski.pl\/index.php\/wp-json\/wp\/v2\/media?parent=6"}],"curies":[{"name":"wp","href":"https:\/\/api.w.org\/{rel}","templated":true}]}}