{"id":65,"date":"2025-09-17T10:30:14","date_gmt":"2025-09-17T10:30:14","guid":{"rendered":"http:\/\/www.rewidentwerynski.pl\/?page_id=65"},"modified":"2025-10-14T16:05:21","modified_gmt":"2025-10-14T16:05:21","slug":"informacje-o-wykonywaniu-zawodu-bieglego-rewidenta","status":"publish","type":"page","link":"https:\/\/www.rewidentwerynski.pl\/index.php\/informacje-o-wykonywaniu-zawodu-bieglego-rewidenta\/","title":{"rendered":"Informacje o wykonywaniu zawodu bieg\u0142ego rewidenta"},"content":{"rendered":"\n<p><strong>4305. Adam Wery\u0144ski<\/strong><\/p>\n\n\n\n<p><strong>Dane rejestrowe<\/strong><\/p>\n\n\n\n<ul class=\"wp-block-list\">\n<li><strong>Numer bieg\u0142ego:<\/strong>&nbsp;4305<\/li>\n\n\n\n<li><strong>Imi\u0119 i nazwisko:<\/strong>&nbsp;Adam Wery\u0144ski<\/li>\n\n\n\n<li><strong>Forma wykonywania zawodu:<\/strong>&nbsp;Osoba fizyczna prowadz\u0105ca dzia\u0142alno\u015b\u0107 gospodarcz\u0105 we w\u0142asnym imieniu i na w\u0142asny rachunek, o kt\u00f3rej mowa w art. 46 pkt 1 ustawy<\/li>\n\n\n\n<li><strong>Informacja o uprawnieniu do atestacji sprawozdawczo\u015bci zr\u00f3wnowa\u017conego rozwoju:<\/strong>&nbsp;TAK<\/li>\n\n\n\n<li><strong>Informacja o uzyskaniu uprawnie\u0144 bieg\u0142ego rewidenta w innym ni\u017c Rzeczpospolita Polska pa\u0144stwie Unii Europejskiej lub pa\u0144stwie trzecim:<\/strong>&nbsp;\u2013<\/li>\n\n\n\n<li><strong>Data wpisu do rejestru:<\/strong>&nbsp;1992-05-22<\/li>\n<\/ul>\n\n\n\n<p><strong>Powi\u0105zanie z firm\u0105 audytorsk\u0105 &#8211; wykonywanie zawodu<\/strong><\/p>\n\n\n\n<p><strong>415 BIURO STUDI\u00d3W I ANALIZ FINANSOWO-KSI\u0118GOWYCH Adam F.Wery\u0144ski &#8211; dzia\u0142alno\u015b\u0107 gospodarcza prowadzona przez bieg\u0142ego rewidenta we w\u0142asnym imieniu i na w\u0142asny rachunek<\/strong><\/p>\n\n\n\n<figure class=\"wp-block-gallery has-nested-images columns-default is-cropped wp-block-gallery-1 is-layout-flex wp-block-gallery-is-layout-flex\">\n<figure class=\"wp-block-image size-large\"><img loading=\"lazy\" decoding=\"async\" width=\"490\" height=\"696\" data-id=\"157\" src=\"https:\/\/www.rewidentwerynski.pl\/wp-content\/uploads\/2025\/10\/zaswidczenie1.jpg\" alt=\"\" class=\"wp-image-157\" srcset=\"https:\/\/www.rewidentwerynski.pl\/wp-content\/uploads\/2025\/10\/zaswidczenie1.jpg 490w, https:\/\/www.rewidentwerynski.pl\/wp-content\/uploads\/2025\/10\/zaswidczenie1-211x300.jpg 211w\" sizes=\"auto, (max-width: 490px) 100vw, 490px\" \/><\/figure>\n\n\n\n<figure class=\"wp-block-image size-large\"><img loading=\"lazy\" decoding=\"async\" width=\"485\" height=\"697\" data-id=\"158\" src=\"https:\/\/www.rewidentwerynski.pl\/wp-content\/uploads\/2025\/10\/zas2-1.jpg\" alt=\"\" class=\"wp-image-158\" srcset=\"https:\/\/www.rewidentwerynski.pl\/wp-content\/uploads\/2025\/10\/zas2-1.jpg 485w, https:\/\/www.rewidentwerynski.pl\/wp-content\/uploads\/2025\/10\/zas2-1-209x300.jpg 209w\" sizes=\"auto, (max-width: 485px) 100vw, 485px\" \/><\/figure>\n<\/figure>\n","protected":false},"excerpt":{"rendered":"<p>4305. Adam Wery\u0144ski Dane rejestrowe Powi\u0105zanie z firm\u0105 audytorsk\u0105 &#8211; wykonywanie zawodu 415 BIURO STUDI\u00d3W I ANALIZ FINANSOWO-KSI\u0118GOWYCH Adam F.Wery\u0144ski &#8211; dzia\u0142alno\u015b\u0107 gospodarcza prowadzona przez bieg\u0142ego rewidenta we w\u0142asnym imieniu i na w\u0142asny rachunek<\/p>\n","protected":false},"author":1,"featured_media":0,"parent":0,"menu_order":0,"comment_status":"closed","ping_status":"closed","template":"","meta":{"footnotes":""},"class_list":["post-65","page","type-page","status-publish","hentry"],"_links":{"self":[{"href":"https:\/\/www.rewidentwerynski.pl\/index.php\/wp-json\/wp\/v2\/pages\/65","targetHints":{"allow":["GET"]}}],"collection":[{"href":"https:\/\/www.rewidentwerynski.pl\/index.php\/wp-json\/wp\/v2\/pages"}],"about":[{"href":"https:\/\/www.rewidentwerynski.pl\/index.php\/wp-json\/wp\/v2\/types\/page"}],"author":[{"embeddable":true,"href":"https:\/\/www.rewidentwerynski.pl\/index.php\/wp-json\/wp\/v2\/users\/1"}],"replies":[{"embeddable":true,"href":"https:\/\/www.rewidentwerynski.pl\/index.php\/wp-json\/wp\/v2\/comments?post=65"}],"version-history":[{"count":2,"href":"https:\/\/www.rewidentwerynski.pl\/index.php\/wp-json\/wp\/v2\/pages\/65\/revisions"}],"predecessor-version":[{"id":178,"href":"https:\/\/www.rewidentwerynski.pl\/index.php\/wp-json\/wp\/v2\/pages\/65\/revisions\/178"}],"wp:attachment":[{"href":"https:\/\/www.rewidentwerynski.pl\/index.php\/wp-json\/wp\/v2\/media?parent=65"}],"curies":[{"name":"wp","href":"https:\/\/api.w.org\/{rel}","templated":true}]}}